{"id":10,"date":"2017-04-02T03:26:56","date_gmt":"2017-04-02T01:26:56","guid":{"rendered":"http:\/\/ak.gibts.net\/wordpress\/?page_id=10"},"modified":"2025-06-03T15:23:14","modified_gmt":"2025-06-03T13:23:14","slug":"spenden","status":"publish","type":"page","link":"http:\/\/adolfo-kolping.de\/wordpress\/?page_id=10","title":{"rendered":"Spenden und Finanzierung"},"content":{"rendered":"<p><strong>Danke f\u00fcr Ihre Unterst\u00fctzung!<\/strong><br \/>\n<strong>Unser Spendenkonto:<\/strong><\/p>\n<p><a href=\"https:\/\/www.sternsinger.de\/\"><img loading=\"lazy\" class=\"wp-image-88 size-medium alignnone\" src=\"http:\/\/ak.gibts.net\/wordpress\/wp-content\/uploads\/2017\/04\/Logo_DieSternsinger-300x93.jpg\" alt=\"\" width=\"300\" height=\"93\"><\/a><\/p>\n<p>Kindermissionswerk ,Die Sternsinger\u2019&nbsp;<br \/>\nPax-Bank eG<br \/>\n<strong>IBAN: DE95 3706 0193 0000 0010 31<br \/>\n<\/strong><strong>BIC: GENODED1PAX<\/strong><br \/>\nVerwendungszweck unbedingt angeben:<br \/>\n<strong>D 23 0217 005 Schule Riobamba<br \/>\n<\/strong><\/p>\n<p>&nbsp;<\/p>\n<p><a href=\"http:\/\/www.ecuadorhilfe.com\"><img loading=\"lazy\" class=\"wp-image-343 size-medium alignleft\" src=\"http:\/\/ak.gibts.net\/wordpress\/wp-content\/uploads\/2017\/04\/Logo-La-Rosa-300x141.jpg\" alt=\"\" width=\"300\" height=\"141\" srcset=\"http:\/\/adolfo-kolping.de\/wordpress\/wp-content\/uploads\/2017\/04\/Logo-La-Rosa-300x141.jpg 300w, http:\/\/adolfo-kolping.de\/wordpress\/wp-content\/uploads\/2017\/04\/Logo-La-Rosa-768x362.jpg 768w, http:\/\/adolfo-kolping.de\/wordpress\/wp-content\/uploads\/2017\/04\/Logo-La-Rosa.jpg 974w\" sizes=\"(max-width: 300px) 100vw, 300px\" \/><\/a><\/p>\n<p>&nbsp;<\/p>\n<p>Wir werden unterst\u00fctzt von:<br \/>\nFrau Rosa Frei-Weisskopf und ihrem Verein \u201eLa Rosa\u201c, Wattwil\/Schweiz<\/p>\n<p>&nbsp;<\/p>\n<p>&nbsp;<\/p>\n<p>&nbsp;<\/p>\n<p><a href=\"http:\/\/www.ueber-die-meere.de\/\"><img loading=\"lazy\" class=\"alignleft wp-image-351 size-full\" src=\"http:\/\/ak.gibts.net\/wordpress\/wp-content\/uploads\/2017\/04\/Logo_ueber-die-meere.jpg\" alt=\"\" width=\"200\" height=\"136\"><\/a><\/p>\n<p>&nbsp;<\/p>\n<p>Claudia und Michael Engelhardt haben w\u00e4hrend ihres freiwilligen Arbeitseinsatzes in der Adolfo-Kolping-Schule diese Homepage gestaltet.<br \/>\nDANKE euch beiden f\u00fcr diese gro\u00dfe Arbeit! Ohne euch h\u00e4tten wir das nie geschafft! .<\/p>","protected":false},"excerpt":{"rendered":"<p>Danke f\u00fcr Ihre Unterst\u00fctzung! Unser Spendenkonto: Kindermissionswerk ,Die Sternsinger\u2019&nbsp; Pax-Bank eG IBAN: DE95 3706 0193 0000 0010 31 BIC: GENODED1PAX Verwendungszweck unbedingt angeben: D 23 0217 005 Schule Riobamba &nbsp; &nbsp; Wir werden unterst\u00fctzt von: Frau Rosa Frei-Weisskopf und ihrem<\/p>\n","protected":false},"author":1,"featured_media":0,"parent":0,"menu_order":0,"comment_status":"closed","ping_status":"closed","template":"","meta":{"ngg_post_thumbnail":0},"_links":{"self":[{"href":"http:\/\/adolfo-kolping.de\/wordpress\/index.php?rest_route=\/wp\/v2\/pages\/10"}],"collection":[{"href":"http:\/\/adolfo-kolping.de\/wordpress\/index.php?rest_route=\/wp\/v2\/pages"}],"about":[{"href":"http:\/\/adolfo-kolping.de\/wordpress\/index.php?rest_route=\/wp\/v2\/types\/page"}],"author":[{"embeddable":true,"href":"http:\/\/adolfo-kolping.de\/wordpress\/index.php?rest_route=\/wp\/v2\/users\/1"}],"replies":[{"embeddable":true,"href":"http:\/\/adolfo-kolping.de\/wordpress\/index.php?rest_route=%2Fwp%2Fv2%2Fcomments&post=10"}],"version-history":[{"count":36,"href":"http:\/\/adolfo-kolping.de\/wordpress\/index.php?rest_route=\/wp\/v2\/pages\/10\/revisions"}],"predecessor-version":[{"id":857,"href":"http:\/\/adolfo-kolping.de\/wordpress\/index.php?rest_route=\/wp\/v2\/pages\/10\/revisions\/857"}],"wp:attachment":[{"href":"http:\/\/adolfo-kolping.de\/wordpress\/index.php?rest_route=%2Fwp%2Fv2%2Fmedia&parent=10"}],"curies":[{"name":"wp","href":"https:\/\/api.w.org\/{rel}","templated":true}]}}