{"id":228,"date":"2017-06-18T18:02:26","date_gmt":"2017-06-18T16:02:26","guid":{"rendered":"http:\/\/ak.gibts.net\/wordpress\/?page_id=228"},"modified":"2025-06-03T15:31:09","modified_gmt":"2025-06-03T13:31:09","slug":"faq-zu-den-spenden","status":"publish","type":"page","link":"http:\/\/adolfo-kolping.de\/wordpress\/?page_id=228","title":{"rendered":"Informationen"},"content":{"rendered":"<p><b>Wichtig zu wissen f\u00fcr unsere Spenderinnen und Spender<\/b><\/p>\n<p>Alle Spenden, die auf unser Projektkonto eingehen, werden vom Kindermissionswerk &#8222;Die Sternsinger&#8220; viertelj\u00e4hrlich direkt an die Schule \u00fcberwiesen. Voraussetzung ist, dass die Spenderinnen und Spender bei ihrer \u00dcberweisung den Verwendungszweck <strong>D 23 0217 005<\/strong> korrekt angeben. Durch die Projektpartnerschaft mit dem Kindermissionswerk &#8222;Die Sternsinger&#8220; haben wir keine Verwaltungskosten. Alles, auch die teuren \u00dcberweisungskosten nach Ecuador, tr\u00e4gt das Kindermissionswerk, das&nbsp;ber\u00fchrt in keinem Fall die Spenden auf unserem Projektkonto. Diese gl\u00fcckliche Konstellation kommt dadurch zustande, dass sich viele Menschen in Europa f\u00fcr die Adolfo-Kolping-Schule engagieren und ehrenamtlich &#8222;Spendenwerbung&#8220; machen, zum Beispiel auch Claudia und Michael, die uns die Homepage gestaltet haben.<\/p>\n<p>Das Kindermissionswerk f\u00fchrt unser Spendenkonto, \u00fcberpr\u00fcft unsere Arbeitsberichte und Bilanzen und stellt die Spendenbescheinigungen aus. Alle Spenderdaten unterliegen bei den &#8222;Sternsingern&#8220; strengem Datenschutz. Niemand (auch nicht die Schule!) erh\u00e4lt Adressen oder Ausk\u00fcnfte \u00fcber Einzelspenden.<\/p>\n<p>Alle unsere &#8222;Freiwilligen&#8220; und alle, die wir ehrenamtlich f\u00fcr die Schule arbeiten, tragen unsere Auslagen selbst, selbstverst\u00e4ndlich auch unsere Reisekosten nach Ecuador!<\/p>\n<p>\u00dcber das Kindermissionswerk &#8222;Die Sternsinger&#8220; kann man sich unter <u><a href=\"http:\/\/www.sternsinger.de\/\" target=\"_blank\" rel=\"noopener\">www.sternsinger.de<\/a><\/u> informieren.<\/p>\n<p>Gabriele Errerd, ehrenamtliche Mitarbeiterin der Adolfo-Kolping-Schule<\/p>","protected":false},"excerpt":{"rendered":"<p>Wichtig zu wissen f\u00fcr unsere Spenderinnen und Spender Alle Spenden, die auf unser Projektkonto eingehen, werden vom Kindermissionswerk &#8222;Die Sternsinger&#8220; viertelj\u00e4hrlich direkt an die Schule \u00fcberwiesen. Voraussetzung ist, dass die Spenderinnen und Spender bei ihrer \u00dcberweisung den Verwendungszweck D 23<\/p>\n","protected":false},"author":1,"featured_media":0,"parent":0,"menu_order":0,"comment_status":"closed","ping_status":"closed","template":"","meta":{"ngg_post_thumbnail":0},"_links":{"self":[{"href":"http:\/\/adolfo-kolping.de\/wordpress\/index.php?rest_route=\/wp\/v2\/pages\/228"}],"collection":[{"href":"http:\/\/adolfo-kolping.de\/wordpress\/index.php?rest_route=\/wp\/v2\/pages"}],"about":[{"href":"http:\/\/adolfo-kolping.de\/wordpress\/index.php?rest_route=\/wp\/v2\/types\/page"}],"author":[{"embeddable":true,"href":"http:\/\/adolfo-kolping.de\/wordpress\/index.php?rest_route=\/wp\/v2\/users\/1"}],"replies":[{"embeddable":true,"href":"http:\/\/adolfo-kolping.de\/wordpress\/index.php?rest_route=%2Fwp%2Fv2%2Fcomments&post=228"}],"version-history":[{"count":14,"href":"http:\/\/adolfo-kolping.de\/wordpress\/index.php?rest_route=\/wp\/v2\/pages\/228\/revisions"}],"predecessor-version":[{"id":858,"href":"http:\/\/adolfo-kolping.de\/wordpress\/index.php?rest_route=\/wp\/v2\/pages\/228\/revisions\/858"}],"wp:attachment":[{"href":"http:\/\/adolfo-kolping.de\/wordpress\/index.php?rest_route=%2Fwp%2Fv2%2Fmedia&parent=228"}],"curies":[{"name":"wp","href":"https:\/\/api.w.org\/{rel}","templated":true}]}}