{"id":67,"date":"2017-04-02T05:35:42","date_gmt":"2017-04-02T03:35:42","guid":{"rendered":"http:\/\/ak.gibts.net\/wordpress\/?page_id=67"},"modified":"2017-07-12T23:48:04","modified_gmt":"2017-07-12T21:48:04","slug":"werkstaetten","status":"publish","type":"page","link":"http:\/\/adolfo-kolping.de\/wordpress\/?page_id=67","title":{"rendered":"Werkst\u00e4tten"},"content":{"rendered":"<p>Von der 8. Klasse an bietet die Schule zus\u00e4tzlichen Unterricht in drei Berufsfeldern. Die Jugendlichen w\u00e4hlen ihren Fachbereich und vertiefen ihre Kenntnisse darin dann in der Oberstufe von der 11. bis zur 13. Klasse.<br \/>\nHier einige Fotos aus unseren Werkst\u00e4tten.<\/p>","protected":false},"excerpt":{"rendered":"<p>Von der 8. Klasse an bietet die Schule zus\u00e4tzlichen Unterricht in drei Berufsfeldern. Die Jugendlichen w\u00e4hlen ihren Fachbereich und vertiefen ihre Kenntnisse darin dann in der Oberstufe von der 11. bis zur 13. Klasse. Hier einige Fotos aus unseren Werkst\u00e4tten.<\/p>\n","protected":false},"author":1,"featured_media":0,"parent":0,"menu_order":0,"comment_status":"closed","ping_status":"closed","template":"","meta":{"ngg_post_thumbnail":0},"_links":{"self":[{"href":"http:\/\/adolfo-kolping.de\/wordpress\/index.php?rest_route=\/wp\/v2\/pages\/67"}],"collection":[{"href":"http:\/\/adolfo-kolping.de\/wordpress\/index.php?rest_route=\/wp\/v2\/pages"}],"about":[{"href":"http:\/\/adolfo-kolping.de\/wordpress\/index.php?rest_route=\/wp\/v2\/types\/page"}],"author":[{"embeddable":true,"href":"http:\/\/adolfo-kolping.de\/wordpress\/index.php?rest_route=\/wp\/v2\/users\/1"}],"replies":[{"embeddable":true,"href":"http:\/\/adolfo-kolping.de\/wordpress\/index.php?rest_route=%2Fwp%2Fv2%2Fcomments&post=67"}],"version-history":[{"count":4,"href":"http:\/\/adolfo-kolping.de\/wordpress\/index.php?rest_route=\/wp\/v2\/pages\/67\/revisions"}],"predecessor-version":[{"id":440,"href":"http:\/\/adolfo-kolping.de\/wordpress\/index.php?rest_route=\/wp\/v2\/pages\/67\/revisions\/440"}],"wp:attachment":[{"href":"http:\/\/adolfo-kolping.de\/wordpress\/index.php?rest_route=%2Fwp%2Fv2%2Fmedia&parent=67"}],"curies":[{"name":"wp","href":"https:\/\/api.w.org\/{rel}","templated":true}]}}